{"id":4635,"date":"2024-10-17T08:27:30","date_gmt":"2024-10-17T12:27:30","guid":{"rendered":"https:\/\/mtlweddingblog.com\/questionnaire\/"},"modified":"2026-02-13T01:32:48","modified_gmt":"2026-02-13T06:32:48","slug":"questionnaire","status":"publish","type":"page","link":"https:\/\/mtlweddingblog.com\/fr\/questionnaire\/","title":{"rendered":"Questionnaire"},"content":{"rendered":"<style>.kb-row-layout-id3072_c132e5-4f > .kt-row-column-wrap{align-content:start;}:where(.kb-row-layout-id3072_c132e5-4f > .kt-row-column-wrap) > .wp-block-kadence-column{justify-content:start;}.kb-row-layout-id3072_c132e5-4f > .kt-row-column-wrap{column-gap:var(--global-kb-gap-md, 2rem);row-gap:var(--global-kb-gap-md, 2rem);padding-top:var(--global-kb-spacing-xxl, 5rem);padding-bottom:var(--global-kb-spacing-lg, 3rem);grid-template-columns:minmax(0, 1fr);}.kb-row-layout-id3072_c132e5-4f > .kt-row-layout-overlay{opacity:0.30;}@media all and (max-width: 1024px){.kb-row-layout-id3072_c132e5-4f > .kt-row-column-wrap{grid-template-columns:minmax(0, 1fr);}}@media all and (max-width: 767px){.kb-row-layout-id3072_c132e5-4f > .kt-row-column-wrap{padding-top:var(--global-kb-spacing-md, 2rem);padding-bottom:var(--global-kb-spacing-md, 2rem);grid-template-columns:minmax(0, 1fr);}}<\/style><div class=\"kb-row-layout-wrap kb-row-layout-id3072_c132e5-4f alignfull has-theme-palette8-background-color kt-row-has-bg wp-block-kadence-rowlayout\"><div class=\"kt-row-column-wrap kt-has-1-columns kt-row-layout-equal kt-tab-layout-inherit kt-mobile-layout-row kt-row-valign-top\">\n<style>.kadence-column3072_b374f4-37 > .kt-inside-inner-col,.kadence-column3072_b374f4-37 > .kt-inside-inner-col:before{border-top-left-radius:0px;border-top-right-radius:0px;border-bottom-right-radius:0px;border-bottom-left-radius:0px;}.kadence-column3072_b374f4-37 > .kt-inside-inner-col{column-gap:var(--global-kb-gap-sm, 1rem);}.kadence-column3072_b374f4-37 > .kt-inside-inner-col{flex-direction:column;}.kadence-column3072_b374f4-37 > .kt-inside-inner-col > .aligncenter{width:100%;}.kadence-column3072_b374f4-37 > .kt-inside-inner-col:before{opacity:0.3;}.kadence-column3072_b374f4-37{position:relative;}@media all and (max-width: 1024px){.kadence-column3072_b374f4-37 > .kt-inside-inner-col{flex-direction:column;justify-content:center;}}@media all and (max-width: 767px){.kadence-column3072_b374f4-37 > .kt-inside-inner-col{flex-direction:column;justify-content:center;}}<\/style>\n<div class=\"wp-block-kadence-column kadence-column3072_b374f4-37\"><div class=\"kt-inside-inner-col\"><style>.wp-block-kadence-advancedheading.kt-adv-heading3072_33a973-96, .wp-block-kadence-advancedheading.kt-adv-heading3072_33a973-96[data-kb-block=\"kb-adv-heading3072_33a973-96\"]{text-align:center;font-size:var(--global-kb-font-size-xl, 3rem);font-style:normal;}.wp-block-kadence-advancedheading.kt-adv-heading3072_33a973-96 mark.kt-highlight, .wp-block-kadence-advancedheading.kt-adv-heading3072_33a973-96[data-kb-block=\"kb-adv-heading3072_33a973-96\"] mark.kt-highlight{font-style:normal;color:#f76a0c;-webkit-box-decoration-break:clone;box-decoration-break:clone;padding-top:0px;padding-right:0px;padding-bottom:0px;padding-left:0px;}.wp-block-kadence-advancedheading.kt-adv-heading3072_33a973-96 img.kb-inline-image, .wp-block-kadence-advancedheading.kt-adv-heading3072_33a973-96[data-kb-block=\"kb-adv-heading3072_33a973-96\"] img.kb-inline-image{width:150px;vertical-align:baseline;}@media all and (max-width: 767px){.wp-block-kadence-advancedheading.kt-adv-heading3072_33a973-96, .wp-block-kadence-advancedheading.kt-adv-heading3072_33a973-96[data-kb-block=\"kb-adv-heading3072_33a973-96\"]{font-size:var(--global-kb-font-size-lg, 2rem);}}<\/style>\n<h2 class=\"kt-adv-heading3072_33a973-96 wp-block-kadence-advancedheading\" data-kb-block=\"kb-adv-heading3072_33a973-96\">Questionnaire couple<\/h2>\n\n\n<style>.wp-block-kadence-advancedheading.kt-adv-heading3072_75d283-88, .wp-block-kadence-advancedheading.kt-adv-heading3072_75d283-88[data-kb-block=\"kb-adv-heading3072_75d283-88\"]{max-width:600px;margin-right:auto;margin-left:auto;text-align:center;font-size:var(--global-kb-font-size-sm, 0.9rem);line-height:1.5;font-style:normal;}.wp-block-kadence-advancedheading.kt-adv-heading3072_75d283-88 mark.kt-highlight, .wp-block-kadence-advancedheading.kt-adv-heading3072_75d283-88[data-kb-block=\"kb-adv-heading3072_75d283-88\"] mark.kt-highlight{font-style:normal;color:#f76a0c;-webkit-box-decoration-break:clone;box-decoration-break:clone;padding-top:0px;padding-right:0px;padding-bottom:0px;padding-left:0px;}.wp-block-kadence-advancedheading.kt-adv-heading3072_75d283-88 img.kb-inline-image, .wp-block-kadence-advancedheading.kt-adv-heading3072_75d283-88[data-kb-block=\"kb-adv-heading3072_75d283-88\"] img.kb-inline-image{width:150px;vertical-align:baseline;}<\/style>\n<p class=\"kt-adv-heading3072_75d283-88 wp-block-kadence-advancedheading\" data-kb-block=\"kb-adv-heading3072_75d283-88\">Vous souhaitez appara\u00eetre sur le blogue de mariage de Montr\u00e9al ? <br\/>Veuillez d\u00e9crire votre mariage le plus en d\u00e9tail possible. N&rsquo;h\u00e9sitez pas \u00e0 d\u00e9velopper ou \u00e0 ajouter des informations\/anecdotes qui, selon vous, pourraient int\u00e9resser nos lecteurs.<\/p>\n<\/div><\/div>\n\n<\/div><\/div><style>.kb-row-layout-id3072_abcdec-60 > .kt-row-column-wrap{align-content:start;}:where(.kb-row-layout-id3072_abcdec-60 > .kt-row-column-wrap) > .wp-block-kadence-column{justify-content:start;}.kb-row-layout-id3072_abcdec-60 > .kt-row-column-wrap{column-gap:var(--global-kb-gap-md, 2rem);row-gap:var(--global-kb-gap-md, 2rem);max-width:var( --global-content-width, 1360px );padding-left:var(--global-content-edge-padding);padding-right:var(--global-content-edge-padding);padding-top:var(--global-kb-spacing-lg, 3rem);padding-right:0px;padding-bottom:var(--global-kb-spacing-xl, 4rem);padding-left:0px;grid-template-columns:minmax(0, 1fr);}.kb-row-layout-id3072_abcdec-60 > .kt-row-layout-overlay{opacity:0.30;}@media all and (max-width: 1024px){.kb-row-layout-id3072_abcdec-60 > .kt-row-column-wrap{grid-template-columns:minmax(0, 1fr);}}@media all and (max-width: 767px){.kb-row-layout-id3072_abcdec-60 > .kt-row-column-wrap{grid-template-columns:minmax(0, 1fr);}}<\/style><div class=\"kb-row-layout-wrap kb-row-layout-id3072_abcdec-60 alignnone wp-block-kadence-rowlayout\"><div class=\"kt-row-column-wrap kt-has-1-columns kt-row-layout-equal kt-tab-layout-inherit kt-mobile-layout-row kt-row-valign-top kb-theme-content-width\">\n<style>.kadence-column3072_3f3009-2c > .kt-inside-inner-col,.kadence-column3072_3f3009-2c > .kt-inside-inner-col:before{border-top-left-radius:0px;border-top-right-radius:0px;border-bottom-right-radius:0px;border-bottom-left-radius:0px;}.kadence-column3072_3f3009-2c > .kt-inside-inner-col{column-gap:var(--global-kb-gap-sm, 1rem);}.kadence-column3072_3f3009-2c > .kt-inside-inner-col{flex-direction:column;}.kadence-column3072_3f3009-2c > .kt-inside-inner-col > .aligncenter{width:100%;}.kadence-column3072_3f3009-2c > .kt-inside-inner-col:before{opacity:0.3;}.kadence-column3072_3f3009-2c{position:relative;}@media all and (max-width: 1024px){.kadence-column3072_3f3009-2c > .kt-inside-inner-col{flex-direction:column;justify-content:center;}}@media all and (max-width: 767px){.kadence-column3072_3f3009-2c > .kt-inside-inner-col{flex-direction:column;justify-content:center;}}<\/style>\n<div class=\"wp-block-kadence-column kadence-column3072_3f3009-2c\"><div class=\"kt-inside-inner-col\"><div class='fluentform ff-default fluentform_wrapper_5  ff_guten_block ff_guten_block-5 ffs_custom_wrap'><form data-form_id=\"5\" id=\"fluentform_5\" class=\"frm-fluent-form fluent_form_5 ff-el-form-top ff_form_instance_5_1 ff-form-loading ffs_custom\" data-form_instance=\"ff_form_instance_5_1\" method=\"POST\" ><fieldset  style=\"border: none!important;margin: 0!important;padding: 0!important;background-color: transparent!important;box-shadow: none!important;outline: none!important; min-inline-size: 100%;\">\n                    <legend class=\"ff_screen_reader_title\" style=\"display: block; margin: 0!important;padding: 0!important;height: 0!important;text-indent: -999999px;width: 0!important;overflow:hidden;\">Couple Questionnaire<\/legend><input type='hidden' name='__fluent_form_embded_post_id' value='4635' \/><input type=\"hidden\" id=\"_fluentform_5_fluentformnonce\" name=\"_fluentform_5_fluentformnonce\" value=\"25ebc41bb3\" \/><input type=\"hidden\" name=\"_wp_http_referer\" value=\"\/fr\/wp-json\/wp\/v2\/pages\/4635\" \/><div class='ff-el-group'><div class=\"ff-el-input--label ff-el-is-required asterisk-right\"><label for='ff_5_' id='label_ff_5_' aria-label=\"Vos noms\">Vos noms<\/label><\/div><div class='ff-el-input--content'><input class=\"ff-el-form-control\" type=\"text\" id=\"ff_5_\" ><\/div><\/div><div class='ff-el-group'><div class=\"ff-el-input--label asterisk-right\"><label for='ff_5_datetime' id='label_ff_5_datetime' aria-label=\"Date du mariage\">Date du mariage<\/label><\/div><div class='ff-el-input--content'><input  aria-label='Date du mariage Use arrow keys to navigate dates. Press enter to select a date.'  aria-haspopup='dialog' data-type-datepicker data-format='d\/m\/Y' type=\"text\" name=\"datetime\" id=\"ff_5_datetime\" class=\"ff-el-form-control ff-el-datepicker\" data-name=\"datetime\"  aria-invalid='false' aria-required=false><\/div><\/div><div class='ff-el-group'><div class=\"ff-el-input--label ff-el-is-required asterisk-right\"><label for='ff_5_' id='label_ff_5_' aria-label=\"L\u2019histoire de la demande...\">L\u2019histoire de la demande&#8230;<\/label><\/div><div class='ff-el-input--content'><textarea id=\"ff_5_\" class=\"ff-el-form-control fluentform-post-content\" rows=\"7\" cols=\"1\" ><\/textarea><\/div><\/div><div class='ff-el-group'><div class=\"ff-el-input--label ff-el-is-required asterisk-right\"><label for='ff_5_' id='label_ff_5_' aria-label=\"La vision pour la journ\u00e9e\">La vision pour la journ\u00e9e<\/label><\/div><div class='ff-el-input--content'><textarea id=\"ff_5_\" class=\"ff-el-form-control fluentform-post-content\" rows=\"7\" cols=\"1\" ><\/textarea><\/div><\/div><div class='ff-el-group'><div class=\"ff-el-input--label ff-el-is-required asterisk-right\"><label for='ff_5_' id='label_ff_5_' aria-label=\"Le processus de planification\">Le processus de planification<\/label><\/div><div class='ff-el-input--content'><textarea id=\"ff_5_\" class=\"ff-el-form-control fluentform-post-content\" rows=\"7\" cols=\"1\" ><\/textarea><\/div><\/div><div class='ff-el-group'><div class=\"ff-el-input--label ff-el-is-required asterisk-right\"><label for='ff_5_' id='label_ff_5_' aria-label=\"Le lieu\">Le lieu<\/label><\/div><div class='ff-el-input--content'><textarea id=\"ff_5_\" class=\"ff-el-form-control fluentform-post-content\" rows=\"3\" cols=\"1\" ><\/textarea><\/div><\/div><div class='ff-el-group'><div class=\"ff-el-input--label asterisk-right\"><label for='ff_5_' id='label_ff_5_' aria-label=\"Trouver la robe\">Trouver la robe<\/label><\/div><div class='ff-el-input--content'><textarea id=\"ff_5_\" class=\"ff-el-form-control fluentform-post-content\" rows=\"3\" cols=\"1\" ><\/textarea><\/div><\/div><div class='ff-el-group'><div class=\"ff-el-input--label asterisk-right\"><label for='ff_5_' id='label_ff_5_' aria-label=\"Groom&#039;s Attire\">Tenue du mari\u00e9<\/label><\/div><div class='ff-el-input--content'><textarea id=\"ff_5_\" class=\"ff-el-form-control fluentform-post-content\" rows=\"3\" cols=\"1\" ><\/textarea><\/div><\/div><div class='ff-el-group'><div class=\"ff-el-input--label asterisk-right\"><label for='ff_5_' id='label_ff_5_' aria-label=\"Lectures et musique\">Lectures et musique<\/label><\/div><div class='ff-el-input--content'><textarea id=\"ff_5_\" class=\"ff-el-form-control fluentform-post-content\" rows=\"3\" cols=\"1\" ><\/textarea><\/div><\/div><div class='ff-el-group'><div class=\"ff-el-input--label asterisk-right\"><label for='ff_5_' id='label_ff_5_' aria-label=\"Date du mariage\"0000>Les fleurs<\/label><\/div><div class='ff-el-input--content'><textarea id=\"ff_5_\" class=\"ff-el-form-control fluentform-post-content\" rows=\"3\" cols=\"1\" ><\/textarea><\/div><\/div><div class='ff-el-group'><div class=\"ff-el-input--label asterisk-right\"><label for='ff_5_' id='label_ff_5_' aria-label=\"Date du mariage\"1111>Le g\u00e2teau<\/label><\/div><div class='ff-el-input--content'><textarea id=\"ff_5_\" class=\"ff-el-form-control fluentform-post-content\" rows=\"3\" cols=\"1\" ><\/textarea><\/div><\/div><div class='ff-el-group'><div class=\"ff-el-input--label asterisk-right\"><label for='ff_5_' id='label_ff_5_' aria-label=\"Date du mariage\"2222>Votre photographe<\/label><\/div><div class='ff-el-input--content'><textarea id=\"ff_5_\" class=\"ff-el-form-control fluentform-post-content\" rows=\"3\" cols=\"1\" ><\/textarea><\/div><\/div><div class='ff-el-group'><div class=\"ff-el-input--label asterisk-right\"><label for='ff_5_' id='label_ff_5_' aria-label=\"Date du mariage\"3333>Votre vid\u00e9aste<\/label><\/div><div class='ff-el-input--content'><textarea id=\"ff_5_\" class=\"ff-el-form-control fluentform-post-content\" rows=\"3\" cols=\"1\" ><\/textarea><\/div><\/div><div class='ff-el-group'><div class=\"ff-el-input--label asterisk-right\"><label for='ff_5_' id='label_ff_5_' aria-label=\"Date du mariage\"4444>Les d\u00e9tails et la d\u00e9coration<\/label><\/div><div class='ff-el-input--content'><textarea id=\"ff_5_\" class=\"ff-el-form-control fluentform-post-content\" rows=\"3\" cols=\"1\" ><\/textarea><\/div><\/div><div class='ff-el-group'><div class=\"ff-el-input--label asterisk-right\"><label for='ff_5_' id='label_ff_5_' aria-label=\"Date du mariage\"5555>La lune de miel<\/label><\/div><div class='ff-el-input--content'><textarea id=\"ff_5_\" class=\"ff-el-form-control fluentform-post-content\" rows=\"3\" cols=\"1\" ><\/textarea><\/div><\/div><div class='ff-el-group'><div class=\"ff-el-input--label asterisk-right\"><label for='ff_5_' id='label_ff_5_' aria-label=\"Date du mariage\"6666>Moments les plus m\u00e9morables<\/label><\/div><div class='ff-el-input--content'><textarea id=\"ff_5_\" class=\"ff-el-form-control fluentform-post-content\" rows=\"3\" cols=\"1\" ><\/textarea><\/div><\/div><div class='ff-el-group'><div class=\"ff-el-input--label asterisk-right\"><label for='ff_5_' id='label_ff_5_' aria-label=\"Date du mariage\"7777>Qu\u2019est-il arriv\u00e9 qui n\u2019\u00e9tait pas pr\u00e9vu ?<\/label><\/div><div class='ff-el-input--content'><textarea id=\"ff_5_\" class=\"ff-el-form-control fluentform-post-content\" rows=\"3\" cols=\"1\" ><\/textarea><\/div><\/div><div class='ff-el-group'><div class=\"ff-el-input--label asterisk-right\"><label for='ff_5_' id='label_ff_5_' aria-label=\"Date du mariage\"8888>Conseils pour les autres couples<\/label><\/div><div class='ff-el-input--content'><textarea id=\"ff_5_\" class=\"ff-el-form-control fluentform-post-content\" rows=\"3\" cols=\"1\" ><\/textarea><\/div><\/div><div class='ff-el-group'><div class=\"ff-el-input--label asterisk-right\"><label for='ff_5_' id='label_ff_5_' aria-label=\"Date du mariage\"9999>Liste des fournisseurs avec liens<\/label><\/div><div class='ff-el-input--content'><textarea id=\"ff_5_\" class=\"ff-el-form-control fluentform-post-content\" rows=\"5\" cols=\"1\" ><\/textarea><\/div><\/div><div class='ff-el-group'><div class=\"ff-el-input--label asterisk-right\"><label for='ff_5_' id='label_ff_5_' aria-label='Date du mariage Use arrow keys to navigate dates. Press enter to select a date.'0000>Votre URL Instagram<\/label><\/div><div class='ff-el-input--content'><input type=\"text\" class=\"ff-el-form-control\" id=\"ff_5_\"  aria-invalid=\"false\" aria-required=false><\/div><\/div><div class='ff-el-group ff-text-left ff_submit_btn_wrapper'><button type=\"submit\" class=\"ff-btn ff-btn-submit ff-btn-md ff_btn_style\"  aria-label='Date du mariage Use arrow keys to navigate dates. Press enter to select a date.'1111>Envoyer le formulaire<\/button><\/div><\/fieldset><\/form><div id='fluentform_5_errors' class='ff-errors-in-stack ff_form_instance_5_1 ff-form-loading_errors ff_form_instance_5_1_errors'><\/div><\/div>            <script type=\"text\/javascript\">\n                window.fluent_form_ff_form_instance_5_1 = {\"id\":\"5\",\"settings\":{\"layout\":{\"labelPlacement\":\"top\",\"helpMessagePlacement\":\"with_label\",\"errorMessagePlacement\":\"inline\",\"cssClassName\":\"\",\"asteriskPlacement\":\"asterisk-right\"},\"restrictions\":{\"denyEmptySubmission\":{\"enabled\":false}}},\"form_instance\":\"ff_form_instance_5_1\",\"form_id_selector\":\"fluentform_5\",\"rules\":{\"\":{\"required\":{\"value\":false,\"message\":\"Ce champ est requis\",\"global_message\":\"This field is required\",\"global\":true}},\"datetime\":{\"required\":{\"value\":false,\"message\":\"Ce champ est requis\",\"global_message\":\"This field is required\",\"global\":true}}},\"debounce_time\":300};\n                            <\/script>\n            <\/div><\/div>\n\n<\/div><\/div>","protected":false},"excerpt":{"rendered":"<p>Questionnaire couple Vous souhaitez appara\u00eetre sur le blogue de mariage de Montr\u00e9al ? Veuillez d\u00e9crire votre mariage le plus en d\u00e9tail possible. N&rsquo;h\u00e9sitez pas \u00e0 d\u00e9velopper ou \u00e0 ajouter des informations\/anecdotes qui, selon vous, pourraient int\u00e9resser nos lecteurs.<\/p>\n","protected":false},"author":2,"featured_media":0,"parent":0,"menu_order":0,"comment_status":"closed","ping_status":"closed","template":"","meta":{"_acf_changed":false,"_kad_blocks_custom_css":"","_kad_blocks_head_custom_js":"","_kad_blocks_body_custom_js":"","_kad_blocks_footer_custom_js":"","_kadence_starter_templates_imported_post":false,"_kad_post_transparent":"","_kad_post_title":"","_kad_post_layout":"","_kad_post_sidebar_id":"","_kad_post_content_style":"","_kad_post_vertical_padding":"","_kad_post_feature":"","_kad_post_feature_position":"","_kad_post_header":false,"_kad_post_footer":false,"_kad_post_classname":"","footnotes":""},"class_list":["post-4635","page","type-page","status-publish","hentry"],"acf":[],"yoast_head":"<!-- This site is optimized with the Yoast SEO plugin v27.4 - https:\/\/yoast.com\/product\/yoast-seo-wordpress\/ -->\n<title>Questionnaire - Montreal Wedding Blog<\/title>\n<meta name=\"robots\" content=\"index, follow, max-snippet:-1, max-image-preview:large, max-video-preview:-1\" \/>\n<link rel=\"canonical\" href=\"https:\/\/mtlweddingblog.com\/fr\/questionnaire\/\" \/>\n<meta property=\"og:locale\" content=\"fr_FR\" \/>\n<meta property=\"og:type\" content=\"article\" \/>\n<meta property=\"og:title\" content=\"Questionnaire - Montreal Wedding Blog\" \/>\n<meta property=\"og:description\" content=\"Questionnaire couple Vous souhaitez appara\u00eetre sur le blogue de mariage de Montr\u00e9al ? Veuillez d\u00e9crire votre mariage le plus en d\u00e9tail possible. N&rsquo;h\u00e9sitez pas \u00e0 d\u00e9velopper ou \u00e0 ajouter des informations\/anecdotes qui, selon vous, pourraient int\u00e9resser nos lecteurs.\" \/>\n<meta property=\"og:url\" content=\"https:\/\/mtlweddingblog.com\/fr\/questionnaire\/\" \/>\n<meta property=\"og:site_name\" content=\"Montreal Wedding Blog\" \/>\n<meta property=\"article:publisher\" content=\"https:\/\/www.facebook.com\/MTLWeddingBlog\/\" \/>\n<meta property=\"article:modified_time\" content=\"2026-02-13T06:32:48+00:00\" \/>\n<meta name=\"twitter:card\" content=\"summary_large_image\" \/>\n<meta name=\"twitter:site\" content=\"@MTLWeddingBlog\" \/>\n<script type=\"application\/ld+json\" class=\"yoast-schema-graph\">{\"@context\":\"https:\\\/\\\/schema.org\",\"@graph\":[{\"@type\":\"WebPage\",\"@id\":\"https:\\\/\\\/mtlweddingblog.com\\\/fr\\\/questionnaire\\\/\",\"url\":\"https:\\\/\\\/mtlweddingblog.com\\\/fr\\\/questionnaire\\\/\",\"name\":\"Questionnaire - Montreal Wedding Blog\",\"isPartOf\":{\"@id\":\"https:\\\/\\\/mtlweddingblog.com\\\/#website\"},\"datePublished\":\"2024-10-17T12:27:30+00:00\",\"dateModified\":\"2026-02-13T06:32:48+00:00\",\"breadcrumb\":{\"@id\":\"https:\\\/\\\/mtlweddingblog.com\\\/fr\\\/questionnaire\\\/#breadcrumb\"},\"inLanguage\":\"fr-FR\",\"potentialAction\":[{\"@type\":\"ReadAction\",\"target\":[\"https:\\\/\\\/mtlweddingblog.com\\\/fr\\\/questionnaire\\\/\"]}]},{\"@type\":\"BreadcrumbList\",\"@id\":\"https:\\\/\\\/mtlweddingblog.com\\\/fr\\\/questionnaire\\\/#breadcrumb\",\"itemListElement\":[{\"@type\":\"ListItem\",\"position\":1,\"name\":\"Home\",\"item\":\"https:\\\/\\\/mtlweddingblog.com\\\/fr\\\/\"},{\"@type\":\"ListItem\",\"position\":2,\"name\":\"Questionnaire\"}]},{\"@type\":\"WebSite\",\"@id\":\"https:\\\/\\\/mtlweddingblog.com\\\/#website\",\"url\":\"https:\\\/\\\/mtlweddingblog.com\\\/\",\"name\":\"Montreal Wedding Blog\",\"description\":\"Inspiration for Montreal Weddings\",\"publisher\":{\"@id\":\"https:\\\/\\\/mtlweddingblog.com\\\/#organization\"},\"potentialAction\":[{\"@type\":\"SearchAction\",\"target\":{\"@type\":\"EntryPoint\",\"urlTemplate\":\"https:\\\/\\\/mtlweddingblog.com\\\/?s={search_term_string}\"},\"query-input\":{\"@type\":\"PropertyValueSpecification\",\"valueRequired\":true,\"valueName\":\"search_term_string\"}}],\"inLanguage\":\"fr-FR\"},{\"@type\":\"Organization\",\"@id\":\"https:\\\/\\\/mtlweddingblog.com\\\/#organization\",\"name\":\"Montreal Wedding Blog\",\"url\":\"https:\\\/\\\/mtlweddingblog.com\\\/\",\"logo\":{\"@type\":\"ImageObject\",\"inLanguage\":\"fr-FR\",\"@id\":\"https:\\\/\\\/mtlweddingblog.com\\\/#\\\/schema\\\/logo\\\/image\\\/\",\"url\":\"https:\\\/\\\/mtlweddingblog.com\\\/wp-content\\\/uploads\\\/2024\\\/09\\\/Montreal-Wedding-Blog-Brand-Guide.png\",\"contentUrl\":\"https:\\\/\\\/mtlweddingblog.com\\\/wp-content\\\/uploads\\\/2024\\\/09\\\/Montreal-Wedding-Blog-Brand-Guide.png\",\"width\":491,\"height\":491,\"caption\":\"Montreal Wedding Blog\"},\"image\":{\"@id\":\"https:\\\/\\\/mtlweddingblog.com\\\/#\\\/schema\\\/logo\\\/image\\\/\"},\"sameAs\":[\"https:\\\/\\\/www.facebook.com\\\/MTLWeddingBlog\\\/\",\"https:\\\/\\\/x.com\\\/MTLWeddingBlog\"]}]}<\/script>\n<!-- \/ Yoast SEO plugin. -->","yoast_head_json":{"title":"Questionnaire - Montreal Wedding Blog","robots":{"index":"index","follow":"follow","max-snippet":"max-snippet:-1","max-image-preview":"max-image-preview:large","max-video-preview":"max-video-preview:-1"},"canonical":"https:\/\/mtlweddingblog.com\/fr\/questionnaire\/","og_locale":"fr_FR","og_type":"article","og_title":"Questionnaire - Montreal Wedding Blog","og_description":"Questionnaire couple Vous souhaitez appara\u00eetre sur le blogue de mariage de Montr\u00e9al ? Veuillez d\u00e9crire votre mariage le plus en d\u00e9tail possible. N&rsquo;h\u00e9sitez pas \u00e0 d\u00e9velopper ou \u00e0 ajouter des informations\/anecdotes qui, selon vous, pourraient int\u00e9resser nos lecteurs.","og_url":"https:\/\/mtlweddingblog.com\/fr\/questionnaire\/","og_site_name":"Montreal Wedding Blog","article_publisher":"https:\/\/www.facebook.com\/MTLWeddingBlog\/","article_modified_time":"2026-02-13T06:32:48+00:00","twitter_card":"summary_large_image","twitter_site":"@MTLWeddingBlog","schema":{"@context":"https:\/\/schema.org","@graph":[{"@type":"WebPage","@id":"https:\/\/mtlweddingblog.com\/fr\/questionnaire\/","url":"https:\/\/mtlweddingblog.com\/fr\/questionnaire\/","name":"Questionnaire - Montreal Wedding Blog","isPartOf":{"@id":"https:\/\/mtlweddingblog.com\/#website"},"datePublished":"2024-10-17T12:27:30+00:00","dateModified":"2026-02-13T06:32:48+00:00","breadcrumb":{"@id":"https:\/\/mtlweddingblog.com\/fr\/questionnaire\/#breadcrumb"},"inLanguage":"fr-FR","potentialAction":[{"@type":"ReadAction","target":["https:\/\/mtlweddingblog.com\/fr\/questionnaire\/"]}]},{"@type":"BreadcrumbList","@id":"https:\/\/mtlweddingblog.com\/fr\/questionnaire\/#breadcrumb","itemListElement":[{"@type":"ListItem","position":1,"name":"Home","item":"https:\/\/mtlweddingblog.com\/fr\/"},{"@type":"ListItem","position":2,"name":"Questionnaire"}]},{"@type":"WebSite","@id":"https:\/\/mtlweddingblog.com\/#website","url":"https:\/\/mtlweddingblog.com\/","name":"Montreal Wedding Blog","description":"Inspiration for Montreal Weddings","publisher":{"@id":"https:\/\/mtlweddingblog.com\/#organization"},"potentialAction":[{"@type":"SearchAction","target":{"@type":"EntryPoint","urlTemplate":"https:\/\/mtlweddingblog.com\/?s={search_term_string}"},"query-input":{"@type":"PropertyValueSpecification","valueRequired":true,"valueName":"search_term_string"}}],"inLanguage":"fr-FR"},{"@type":"Organization","@id":"https:\/\/mtlweddingblog.com\/#organization","name":"Montreal Wedding Blog","url":"https:\/\/mtlweddingblog.com\/","logo":{"@type":"ImageObject","inLanguage":"fr-FR","@id":"https:\/\/mtlweddingblog.com\/#\/schema\/logo\/image\/","url":"https:\/\/mtlweddingblog.com\/wp-content\/uploads\/2024\/09\/Montreal-Wedding-Blog-Brand-Guide.png","contentUrl":"https:\/\/mtlweddingblog.com\/wp-content\/uploads\/2024\/09\/Montreal-Wedding-Blog-Brand-Guide.png","width":491,"height":491,"caption":"Montreal Wedding Blog"},"image":{"@id":"https:\/\/mtlweddingblog.com\/#\/schema\/logo\/image\/"},"sameAs":["https:\/\/www.facebook.com\/MTLWeddingBlog\/","https:\/\/x.com\/MTLWeddingBlog"]}]}},"taxonomy_info":[],"featured_image_src_large":false,"author_info":{"display_name":"mtladmin","author_link":"https:\/\/mtlweddingblog.com\/fr\/author\/steve\/"},"comment_info":0,"_links":{"self":[{"href":"https:\/\/mtlweddingblog.com\/fr\/wp-json\/wp\/v2\/pages\/4635","targetHints":{"allow":["GET"]}}],"collection":[{"href":"https:\/\/mtlweddingblog.com\/fr\/wp-json\/wp\/v2\/pages"}],"about":[{"href":"https:\/\/mtlweddingblog.com\/fr\/wp-json\/wp\/v2\/types\/page"}],"author":[{"embeddable":true,"href":"https:\/\/mtlweddingblog.com\/fr\/wp-json\/wp\/v2\/users\/2"}],"replies":[{"embeddable":true,"href":"https:\/\/mtlweddingblog.com\/fr\/wp-json\/wp\/v2\/comments?post=4635"}],"version-history":[{"count":1,"href":"https:\/\/mtlweddingblog.com\/fr\/wp-json\/wp\/v2\/pages\/4635\/revisions"}],"predecessor-version":[{"id":4636,"href":"https:\/\/mtlweddingblog.com\/fr\/wp-json\/wp\/v2\/pages\/4635\/revisions\/4636"}],"wp:attachment":[{"href":"https:\/\/mtlweddingblog.com\/fr\/wp-json\/wp\/v2\/media?parent=4635"}],"curies":[{"name":"wp","href":"https:\/\/api.w.org\/{rel}","templated":true}]}}